{"id":3,"date":"2018-12-18T16:15:38","date_gmt":"2018-12-18T15:15:38","guid":{"rendered":"https:\/\/ithic.it\/?page_id=3"},"modified":"2024-04-16T12:24:29","modified_gmt":"2024-04-16T10:24:29","slug":"privacy-policy","status":"publish","type":"page","link":"https:\/\/www.hospitalitydesignconference.com\/it\/privacy-policy\/","title":{"rendered":"Privacy Policy"},"content":{"rendered":"<p>Se stai leggendo questa policy significa che sei approdato sul nostro sito web. Ti forniamo queste indicazioni perch\u00e9 tu possa sapere come trattiamo i tuoi dati personali quando navighi sul nostro sito web o quando interagisci con noi tramite esso: ad esempio, quando ci scrivi, quando compri, quando ti iscrivi alla nostra newsletter. In tutte queste occasioni, e non solo, noi trattiamo alcuni tuoi dati personali. Lo facciamo in conformit\u00e0 al Regolamento UE 679\/2016 (GDPR) e in conformit\u00e0 al Codice privacy come modificato dal D.lgs. 101\/2018.<\/p>\n<p><strong>Chi \u00e8 il Titolare del trattamento dei tuoi dati?<\/strong><\/p>\n<p>Il Titolare del trattamento dei dati raccolti tramite questo sito \u00e8 <strong><u>Teamwork srl<\/u><\/strong> con sede legale in Via Macanno 38\/q, Rimini RN \u2013 P.IVA 02581030406, (nel proseguo anche \u201c<strong>Titolare<\/strong>\u201d). Puoi contattare il Titolare al seguente indirizzo e-mail <a href=\"mailto:info@teamworkhospitality.com\" target=\"_blank\" rel=\"noopener\">info@teamworkhospitality.com<\/a>\u00a0o scrivendoci al nostro indirizzo postale.<\/p>\n<p><strong>Perch\u00e9 trattiamo i tuoi dati e quando li raccogliamo?<\/strong><\/p>\n<p><strong>DATI DI NAVIGAZIONE<\/strong><\/p>\n<p>I sistemi informatici e le procedure software preposte al funzionamento di questo sito acquisiscono, nel corso del loro normale esercizio, alcuni dati personali la cui trasmissione \u00e8 implicita nell&#8217;uso dei protocolli di comunicazione di Internet.<\/p>\n<p>In questa categoria di dati rientrano gli indirizzi IP o i nomi a dominio dei computer e dei terminali utilizzati dagli utenti, gli indirizzi in notazione URI\/URL delle risorse richieste, l&#8217;orario della richiesta, il metodo utilizzato nel sottoporre la richiesta al server, la dimensione del file ottenuto in risposta, il codice numerico indicante lo stato della risposta data dal server (buon fine, errore, ecc.) ed altri parametri relativi al sistema operativo e all&#8217;ambiente informatico dell&#8217;utente.<\/p>\n<p><strong>Possiamo farlo senza il tuo consenso? <\/strong>S\u00ec, in quanto i dati sono necessari per la comunicazione di Internet e per permetterti di usufruire del sito (art. 6, lett. f, GDPR).<\/p>\n<p><strong>Quanto tempo conserviamo questi dati?<\/strong> I dati di navigazione non persistono per pi\u00f9 di sette giorni (salve eventuali necessit\u00e0 di accertamento di reati da parte dell&#8217;Autorit\u00e0 giudiziaria).<strong>\u00a0<\/strong><\/p>\n<p><strong>DATI RELATIVI AI COOKIE<\/strong><\/p>\n<p>In qualit\u00e0 di Titolari, durante la navigazione sul nostro sito, raccogliamo alcuni tuoi dati ai fini di analisi ed elaborazione di informazioni, alle tue preferenze, esperienze di navigazione. Per svolgere questa attivit\u00e0 utilizziamo tecnologie come i cookie (propri o di terze parti).<\/p>\n<p><strong>Possiamo farlo senza il tuo consenso? <\/strong>In parte. La raccolta dei dati mediante utilizzo dei cookie tecnici, utili alla corretta funzionalit\u00e0 e sicurezza del sito, avviene sulla base di un nostro legittimo interesse (art. 6, lett. f, GDPR). La raccolta dei dati personali mediante utilizzo dei cookie, propri e di terze parti, non strettamente necessari avviene solo previo tuo consenso espresso (art. 6 lett. a, GDPR). Di questo ti avvisiamo tramite apposito banner che trovi in calce al sito quando ti colleghi per la prima volta. Qui potrai scegliere analiticamente quali cookie vuoi installare. Per maggiori informazioni su cosa sono i cookie, sulla loro funzione, ecc. puoi leggere la nostra <u>cookie policy<\/u>.<\/p>\n<p><strong>Quanto tempo conserviamo questi dati?<\/strong> Il tempo di conservazione di questi dati \u00e8 definito nel banner dei cookie, scegliendo di visualizzarli analiticamente, o nel men\u00f9 di impostazioni che trovi in basso a sinistra in ogni pagina del sito cerca questo simbolo:<strong>\u00a0<\/strong><\/p>\n<p><img loading=\"lazy\" decoding=\"async\" class=\"size-full wp-image-26212 alignnone\" src=\"https:\/\/www.hospitalityday.it\/wp-content\/uploads\/2024\/04\/cookieyes.png\" alt=\"\" width=\"43\" height=\"40\" \/><\/p>\n<p><strong>AREA CONTATTACI<\/strong><\/p>\n<p>Se decidi di contattarci tramite il form presente sul nostro sito, tratteremo i tuoi dati anagrafici e quelli relativi al tuo indirizzo e-mail.<\/p>\n<p><strong>Possiamo farlo senza il tuo consenso?<\/strong> S\u00ec, perch\u00e9 stiamo dando seguito ad una tua richiesta (art. 6, lett. b, GDPR).<\/p>\n<p><strong>Quanto tempo conserviamo questi dati?<\/strong> Conserviamo questi dati per il tempo necessario all\u2019evasione della tua richiesta.<\/p>\n<p><strong>NEWSLETTER<\/strong><\/p>\n<p>Sul sito \u00e8 anche possibile iscriversi alla nostra newsletter e in questo caso tratteremo il tuo nome, cognome e indirizzo l\u2019indirizzo e-mail.<\/p>\n<p><strong>Possiamo farlo senza il tuo consenso?<\/strong> S\u00ec, perch\u00e9 stiamo eseguendo una tua richiesta (art. 6, lett. b, GDPR).<\/p>\n<p><strong>Quanto tempo conserviamo questi dati?<\/strong> Conserveremo questi dati per 36 mesi dal momento dell\u2019ultima interazione con noi. In ogni momento potrai comunque richiedere la cancellazione dei tuoi dati e provvederemo immediatamente.<\/p>\n<p><strong>ISCRIZIONE EVENTO<\/strong><\/p>\n<p>Sul sito \u00e8 anche possibile iscriversi all&#8217;evento che proponiamo ed organizziamo da soli o con i nostri partner.<\/p>\n<p><strong>Possiamo farlo senza il tuo consenso?<\/strong> S\u00ec, perch\u00e9 stiamo eseguendo una tua richiesta di iscrizione all\u2019evento (art. 6, lett. b, GDPR).<\/p>\n<p><strong>Quando chiediamo il tuo consenso? <\/strong>Richiediamo il tuo espresso consenso per cedere i tuoi dati personali ai partner che ci aiutano nella realizzazione dell\u2019evento e che li utilizzeranno per finalit\u00e0 commerciali proprie. Inoltre, richiediamo il tuo consenso per inviarti aggiornamenti sulla formazione e sugli eventi futuri. Infine, richiediamo il tuo consenso per trattare (conservare, diffondere su piattaforme social e\/o sito web) la tua immagine (art. 6, lett. a, GDPR).<\/p>\n<p>Si precisa sin da ora che potrai non fornire il consenso per la cessione dei dati, per la ricezione di materiale informativo e commerciale e per il trattamento della tua immagine, tuttavia, potrai ugualmente partecipare all\u2019evento a cui ti sei iscritto.<\/p>\n<p><strong>Quanto tempo conserviamo questi dati?<\/strong> Conserviamo i dati dell\u2019iscrizione per 10 anni (art. 2220 Codice civile). I dati relativi all\u2019iscrizione alla nostra newsletter li conserveremo per 36 mesi dal momento dell\u2019ultima interazione con noi o sino a tua disiscrizione.<\/p>\n<p>Qualora avessi rilasciato apposito consenso alla cessione dei tuoi dati a terzi partner, per i tempi di conservazione nonch\u00e9 per le modalit\u00e0 di trattamento, si rimanda direttamente al partner (Titolare autonomo del trattamento).<\/p>\n<p><strong>Come trattiamo i tuoi dati?<\/strong><\/p>\n<p>Il trattamento dei tuoi dati avviene mediante l\u2019utilizzo di strumenti e procedure idonee a garantirne la sicurezza e la riservatezza, e pu\u00f2 essere effettuato sia tramite il nostro sito web che attraverso altri strumenti elettronici (ad esempio gestionali interni) e talvolta anche con l&#8217;ausilio di supporti cartacei. Oltre al Titolare, in alcuni casi, potrebbero avere accesso ai dati altri soggetti coinvolti nell\u2019organizzazione di questo Sito Web (personale amministrativo, commerciale, amministratori di sistema, ecc.) ovvero soggetti esterni (come fornitori di servizi tecnici terzi, hosting provider, societ\u00e0 informatiche, agenzie di comunicazione, agenzie di data entry) nominati, nelle ipotesi previste dalla normativa, Responsabili del Trattamento da parte nostra. Puoi ottenere l\u2019elenco completo dei responsabili del trattamento scrivendoci all\u2019indirizzo e-mail <a href=\"mailto:info@teamworkhospitality.com\" target=\"_blank\" rel=\"noopener\">info@teamworkhospitality.com<\/a><strong>\u00a0<\/strong><\/p>\n<p><strong>Dove sono i tuoi dati?<\/strong><\/p>\n<p>I trattamenti che effettuiamo con i tuoi dati personali avvengono principalmente su suolo europeo. I tuoi dati di navigazione (indirizzo IP), invece, attraverso l\u2019installazione dei cookie, potranno essere trasferiti fuori dall\u2019Unione europea ed in particolare negli Stati Uniti (a titolo esemplificativo e non esaustivo, Google).<\/p>\n<p><strong>Chi accede ai tuoi dati?<\/strong><\/p>\n<p>I tuoi dati potranno essere resi accessibili ai dipendenti e collaboratori del Titolare nella loro qualit\u00e0 di incaricati del trattamento e\/o amministratori di sistema e\/o altri soggetti (a titolo indicativo: studi professionali, consulenti, software house che ci forniscono i gestionali, ecc.) che svolgono attivit\u00e0 in outsourcing per nostro conto, nella loro qualit\u00e0 di responsabili esterni del trattamento.<\/p>\n<p>In nessun modo diffondiamo i tuoi dati.<\/p>\n<p>I destinatari del trattamento, invece, sono coloro che ricevono comunicazioni di dati personali da parte del Titolare, ma che, a seguito di tale comunicazione, agiscono in veste di autonomi Titolari. Fra questi:<\/p>\n<ul>\n<li>Swoogo (EMEA), Facebook, Instagram, Youtube e altre piattaforme del Titolare. Quando clicchi sulle icone dei social network e delle piattaforme verrai reindirizzato su pagine esterne al sito web e accetti di condividere alcuni tuoi dati con i Titolari di quel servizio. Le informazioni che condividi saranno quindi regolate dalle politiche sulla privacy del Social Network o della Piattaforma che hai scelto.<strong>\u00a0<\/strong><\/li>\n<\/ul>\n<p><strong>Quali sono i tuoi diritti?<\/strong><\/p>\n<p>In qualit\u00e0 di interessato, hai molteplici diritti. Ad esempio, il diritto di ottenere, nei casi previsti, l&#8217;accesso ai tuoi dati personali e la rettifica o la cancellazione degli stessi o la limitazione del trattamento che li riguarda o di opporti al trattamento (per sapere quali sono tutti i tuoi diritti puoi consultare il Regolamento agli artt. 15 e seguenti). Per esercitare i tuoi diritti puoi invece scriverci o telefonarci ai contatti che trovi all\u2019inizio di questa informativa.<\/p>\n<p><strong>Diritto di reclamo<\/strong><\/p>\n<p>Nel caso ritenessi che il trattamento violi i tuoi diritti in qualche modo potrai proporre reclamo all\u2019Autorit\u00e0 Garante per la protezione dei dati personali, verificando le modalit\u00e0 sul sito web <a href=\"http:\/\/www.garanteprivacy.it\/\">www.garanteprivacy.it<\/a>. Nella seguente pagina <a href=\"https:\/\/www.garanteprivacy.it\/home\/docweb\/-\/docweb-display\/docweb\/4535524\">https:\/\/www.garanteprivacy.it\/home\/docweb\/-\/docweb-display\/docweb\/4535524<\/a>\u00a0 \u00e8 possibile visionare il modello di reclamo.<\/p>\n<p><strong>Tutela della privacy dei minori<\/strong><\/p>\n<p>Questo sito web si rivolge a un pubblico generico, tuttavia i suoi servizi sono destinati a persone di et\u00e0 pari o superiore a 18 anni. Noi non richiediamo, non raccogliamo, non utilizziamo n\u00e9 divulghiamo dati personali forniti da persone di et\u00e0 inferiore a 18 anni online. Qualora scoprissimo di aver raccolto personalmente dati di un minore li cancelleremo immediatamente.<\/p>\n<p><em>Privacy policy aggiornata ad aprile 2024 <\/em><\/p>\n","protected":false},"excerpt":{"rendered":"<p>Se stai leggendo questa policy significa che sei approdato sul nostro sito web. Ti forniamo queste indicazioni perch\u00e9 tu possa sapere come trattiamo i tuoi dati personali quando navighi sul nostro sito web o quando interagisci con noi tramite esso: ad esempio, quando ci scrivi, quando compri, quando ti iscrivi alla nostra newsletter. In tutte [&hellip;]<\/p>\n","protected":false},"author":1,"featured_media":0,"parent":0,"menu_order":21,"comment_status":"closed","ping_status":"closed","template":"","meta":{"footnotes":""},"class_list":["post-3","page","type-page","status-publish","hentry"],"yoast_head":"<!-- This site is optimized with the Yoast SEO Premium plugin v20.1 (Yoast SEO v27.4) - https:\/\/yoast.com\/product\/yoast-seo-premium-wordpress\/ -->\n<title>Privacy Policy - Hospitality Design Conference<\/title>\n<meta name=\"robots\" content=\"index, follow, max-snippet:-1, max-image-preview:large, max-video-preview:-1\" \/>\n<link rel=\"canonical\" href=\"https:\/\/www.hospitalitydesignconference.com\/it\/privacy-policy\/\" \/>\n<meta property=\"og:locale\" content=\"it_IT\" \/>\n<meta property=\"og:type\" content=\"article\" \/>\n<meta property=\"og:title\" content=\"Privacy Policy\" \/>\n<meta property=\"og:description\" content=\"Se stai leggendo questa policy significa che sei approdato sul nostro sito web. Ti forniamo queste indicazioni perch\u00e9 tu possa sapere come trattiamo i tuoi dati personali quando navighi sul nostro sito web o quando interagisci con noi tramite esso: ad esempio, quando ci scrivi, quando compri, quando ti iscrivi alla nostra newsletter. In tutte [&hellip;]\" \/>\n<meta property=\"og:url\" content=\"https:\/\/www.hospitalitydesignconference.com\/it\/privacy-policy\/\" \/>\n<meta property=\"og:site_name\" content=\"Hospitality Design Conference\" \/>\n<meta property=\"article:modified_time\" content=\"2024-04-16T10:24:29+00:00\" \/>\n<meta property=\"og:image\" content=\"https:\/\/www.hospitalityday.it\/wp-content\/uploads\/2024\/04\/cookieyes.png\" \/>\n<meta name=\"twitter:card\" content=\"summary_large_image\" \/>\n<meta name=\"twitter:label1\" content=\"Tempo di lettura stimato\" \/>\n\t<meta name=\"twitter:data1\" content=\"8 minuti\" \/>\n<script type=\"application\/ld+json\" class=\"yoast-schema-graph\">{\"@context\":\"https:\\\/\\\/schema.org\",\"@graph\":[{\"@type\":\"WebPage\",\"@id\":\"https:\\\/\\\/www.hospitalitydesignconference.com\\\/it\\\/privacy-policy\\\/\",\"url\":\"https:\\\/\\\/www.hospitalitydesignconference.com\\\/it\\\/privacy-policy\\\/\",\"name\":\"Privacy Policy - Hospitality Design Conference\",\"isPartOf\":{\"@id\":\"https:\\\/\\\/www.hospitalitydesignconference.com\\\/en\\\/#website\"},\"primaryImageOfPage\":{\"@id\":\"https:\\\/\\\/www.hospitalitydesignconference.com\\\/it\\\/privacy-policy\\\/#primaryimage\"},\"image\":{\"@id\":\"https:\\\/\\\/www.hospitalitydesignconference.com\\\/it\\\/privacy-policy\\\/#primaryimage\"},\"thumbnailUrl\":\"https:\\\/\\\/www.hospitalityday.it\\\/wp-content\\\/uploads\\\/2024\\\/04\\\/cookieyes.png\",\"datePublished\":\"2018-12-18T15:15:38+00:00\",\"dateModified\":\"2024-04-16T10:24:29+00:00\",\"breadcrumb\":{\"@id\":\"https:\\\/\\\/www.hospitalitydesignconference.com\\\/it\\\/privacy-policy\\\/#breadcrumb\"},\"inLanguage\":\"it-IT\",\"potentialAction\":[{\"@type\":\"ReadAction\",\"target\":[\"https:\\\/\\\/www.hospitalitydesignconference.com\\\/it\\\/privacy-policy\\\/\"]}]},{\"@type\":\"ImageObject\",\"inLanguage\":\"it-IT\",\"@id\":\"https:\\\/\\\/www.hospitalitydesignconference.com\\\/it\\\/privacy-policy\\\/#primaryimage\",\"url\":\"https:\\\/\\\/www.hospitalityday.it\\\/wp-content\\\/uploads\\\/2024\\\/04\\\/cookieyes.png\",\"contentUrl\":\"https:\\\/\\\/www.hospitalityday.it\\\/wp-content\\\/uploads\\\/2024\\\/04\\\/cookieyes.png\"},{\"@type\":\"BreadcrumbList\",\"@id\":\"https:\\\/\\\/www.hospitalitydesignconference.com\\\/it\\\/privacy-policy\\\/#breadcrumb\",\"itemListElement\":[{\"@type\":\"ListItem\",\"position\":1,\"name\":\"Home\",\"item\":\"https:\\\/\\\/www.hospitalitydesignconference.com\\\/\"},{\"@type\":\"ListItem\",\"position\":2,\"name\":\"Privacy Policy\"}]},{\"@type\":\"WebSite\",\"@id\":\"https:\\\/\\\/www.hospitalitydesignconference.com\\\/en\\\/#website\",\"url\":\"https:\\\/\\\/www.hospitalitydesignconference.com\\\/en\\\/\",\"name\":\"https:\\\/\\\/www.hospitalitydesignconference.com\\\/it\\\/\",\"description\":\"La conferenza dedicata al contract, al design e all\u2019hospitality\",\"publisher\":{\"@id\":\"https:\\\/\\\/www.hospitalitydesignconference.com\\\/en\\\/#organization\"},\"potentialAction\":[{\"@type\":\"SearchAction\",\"target\":{\"@type\":\"EntryPoint\",\"urlTemplate\":\"https:\\\/\\\/www.hospitalitydesignconference.com\\\/en\\\/?s={search_term_string}\"},\"query-input\":{\"@type\":\"PropertyValueSpecification\",\"valueRequired\":true,\"valueName\":\"search_term_string\"}}],\"inLanguage\":\"it-IT\"},{\"@type\":\"Organization\",\"@id\":\"https:\\\/\\\/www.hospitalitydesignconference.com\\\/en\\\/#organization\",\"name\":\"Hospitality Design Conference\",\"url\":\"https:\\\/\\\/www.hospitalitydesignconference.com\\\/en\\\/\",\"logo\":{\"@type\":\"ImageObject\",\"inLanguage\":\"it-IT\",\"@id\":\"https:\\\/\\\/www.hospitalitydesignconference.com\\\/en\\\/#\\\/schema\\\/logo\\\/image\\\/\",\"url\":\"https:\\\/\\\/www.hospitalitydesignconference.com\\\/wp-content\\\/uploads\\\/2023\\\/07\\\/cropped-hdc-favicon.png\",\"contentUrl\":\"https:\\\/\\\/www.hospitalitydesignconference.com\\\/wp-content\\\/uploads\\\/2023\\\/07\\\/cropped-hdc-favicon.png\",\"width\":512,\"height\":512,\"caption\":\"Hospitality Design Conference\"},\"image\":{\"@id\":\"https:\\\/\\\/www.hospitalitydesignconference.com\\\/en\\\/#\\\/schema\\\/logo\\\/image\\\/\"}}]}<\/script>\n<!-- \/ Yoast SEO Premium plugin. -->","yoast_head_json":{"title":"Privacy Policy - Hospitality Design Conference","robots":{"index":"index","follow":"follow","max-snippet":"max-snippet:-1","max-image-preview":"max-image-preview:large","max-video-preview":"max-video-preview:-1"},"canonical":"https:\/\/www.hospitalitydesignconference.com\/it\/privacy-policy\/","og_locale":"it_IT","og_type":"article","og_title":"Privacy Policy","og_description":"Se stai leggendo questa policy significa che sei approdato sul nostro sito web. Ti forniamo queste indicazioni perch\u00e9 tu possa sapere come trattiamo i tuoi dati personali quando navighi sul nostro sito web o quando interagisci con noi tramite esso: ad esempio, quando ci scrivi, quando compri, quando ti iscrivi alla nostra newsletter. In tutte [&hellip;]","og_url":"https:\/\/www.hospitalitydesignconference.com\/it\/privacy-policy\/","og_site_name":"Hospitality Design Conference","article_modified_time":"2024-04-16T10:24:29+00:00","og_image":[{"url":"https:\/\/www.hospitalityday.it\/wp-content\/uploads\/2024\/04\/cookieyes.png","type":"","width":"","height":""}],"twitter_card":"summary_large_image","twitter_misc":{"Tempo di lettura stimato":"8 minuti"},"schema":{"@context":"https:\/\/schema.org","@graph":[{"@type":"WebPage","@id":"https:\/\/www.hospitalitydesignconference.com\/it\/privacy-policy\/","url":"https:\/\/www.hospitalitydesignconference.com\/it\/privacy-policy\/","name":"Privacy Policy - Hospitality Design Conference","isPartOf":{"@id":"https:\/\/www.hospitalitydesignconference.com\/en\/#website"},"primaryImageOfPage":{"@id":"https:\/\/www.hospitalitydesignconference.com\/it\/privacy-policy\/#primaryimage"},"image":{"@id":"https:\/\/www.hospitalitydesignconference.com\/it\/privacy-policy\/#primaryimage"},"thumbnailUrl":"https:\/\/www.hospitalityday.it\/wp-content\/uploads\/2024\/04\/cookieyes.png","datePublished":"2018-12-18T15:15:38+00:00","dateModified":"2024-04-16T10:24:29+00:00","breadcrumb":{"@id":"https:\/\/www.hospitalitydesignconference.com\/it\/privacy-policy\/#breadcrumb"},"inLanguage":"it-IT","potentialAction":[{"@type":"ReadAction","target":["https:\/\/www.hospitalitydesignconference.com\/it\/privacy-policy\/"]}]},{"@type":"ImageObject","inLanguage":"it-IT","@id":"https:\/\/www.hospitalitydesignconference.com\/it\/privacy-policy\/#primaryimage","url":"https:\/\/www.hospitalityday.it\/wp-content\/uploads\/2024\/04\/cookieyes.png","contentUrl":"https:\/\/www.hospitalityday.it\/wp-content\/uploads\/2024\/04\/cookieyes.png"},{"@type":"BreadcrumbList","@id":"https:\/\/www.hospitalitydesignconference.com\/it\/privacy-policy\/#breadcrumb","itemListElement":[{"@type":"ListItem","position":1,"name":"Home","item":"https:\/\/www.hospitalitydesignconference.com\/"},{"@type":"ListItem","position":2,"name":"Privacy Policy"}]},{"@type":"WebSite","@id":"https:\/\/www.hospitalitydesignconference.com\/en\/#website","url":"https:\/\/www.hospitalitydesignconference.com\/en\/","name":"https:\/\/www.hospitalitydesignconference.com\/it\/","description":"La conferenza dedicata al contract, al design e all\u2019hospitality","publisher":{"@id":"https:\/\/www.hospitalitydesignconference.com\/en\/#organization"},"potentialAction":[{"@type":"SearchAction","target":{"@type":"EntryPoint","urlTemplate":"https:\/\/www.hospitalitydesignconference.com\/en\/?s={search_term_string}"},"query-input":{"@type":"PropertyValueSpecification","valueRequired":true,"valueName":"search_term_string"}}],"inLanguage":"it-IT"},{"@type":"Organization","@id":"https:\/\/www.hospitalitydesignconference.com\/en\/#organization","name":"Hospitality Design Conference","url":"https:\/\/www.hospitalitydesignconference.com\/en\/","logo":{"@type":"ImageObject","inLanguage":"it-IT","@id":"https:\/\/www.hospitalitydesignconference.com\/en\/#\/schema\/logo\/image\/","url":"https:\/\/www.hospitalitydesignconference.com\/wp-content\/uploads\/2023\/07\/cropped-hdc-favicon.png","contentUrl":"https:\/\/www.hospitalitydesignconference.com\/wp-content\/uploads\/2023\/07\/cropped-hdc-favicon.png","width":512,"height":512,"caption":"Hospitality Design Conference"},"image":{"@id":"https:\/\/www.hospitalitydesignconference.com\/en\/#\/schema\/logo\/image\/"}}]}},"_links":{"self":[{"href":"https:\/\/www.hospitalitydesignconference.com\/it\/wp-json\/wp\/v2\/pages\/3","targetHints":{"allow":["GET"]}}],"collection":[{"href":"https:\/\/www.hospitalitydesignconference.com\/it\/wp-json\/wp\/v2\/pages"}],"about":[{"href":"https:\/\/www.hospitalitydesignconference.com\/it\/wp-json\/wp\/v2\/types\/page"}],"author":[{"embeddable":true,"href":"https:\/\/www.hospitalitydesignconference.com\/it\/wp-json\/wp\/v2\/users\/1"}],"replies":[{"embeddable":true,"href":"https:\/\/www.hospitalitydesignconference.com\/it\/wp-json\/wp\/v2\/comments?post=3"}],"version-history":[{"count":0,"href":"https:\/\/www.hospitalitydesignconference.com\/it\/wp-json\/wp\/v2\/pages\/3\/revisions"}],"wp:attachment":[{"href":"https:\/\/www.hospitalitydesignconference.com\/it\/wp-json\/wp\/v2\/media?parent=3"}],"curies":[{"name":"wp","href":"https:\/\/api.w.org\/{rel}","templated":true}]}}